{"id":66,"date":"2013-12-16T16:07:28","date_gmt":"2013-12-16T14:07:28","guid":{"rendered":"http:\/\/www.witwer-partnersuche.com\/?page_id=66"},"modified":"2014-12-19T13:57:18","modified_gmt":"2014-12-19T11:57:18","slug":"ueber-freizeitgestaltung-zur-liebe","status":"publish","type":"page","link":"https:\/\/www.witwer-partnersuche.com\/?page_id=66","title":{"rendered":"\u00dcber Freizeitgestaltung zur Liebe"},"content":{"rendered":"<p><img loading=\"lazy\" class=\"alignnone size-large wp-image-67\" src=\"http:\/\/www.witwer-partnersuche.com\/wp-content\/uploads\/2014\/12\/freizeitgestaltung-freizeitkontakt-single-senioren-witwer-partnervermittlung-1024x302.jpg\" alt=\"freizeitgestaltung freizeitkontakt single senioren witwer partnervermittlung\" width=\"625\" height=\"184\" srcset=\"https:\/\/www.witwer-partnersuche.com\/wp-content\/uploads\/2014\/12\/freizeitgestaltung-freizeitkontakt-single-senioren-witwer-partnervermittlung-1024x302.jpg 1024w, https:\/\/www.witwer-partnersuche.com\/wp-content\/uploads\/2014\/12\/freizeitgestaltung-freizeitkontakt-single-senioren-witwer-partnervermittlung-300x88.jpg 300w, https:\/\/www.witwer-partnersuche.com\/wp-content\/uploads\/2014\/12\/freizeitgestaltung-freizeitkontakt-single-senioren-witwer-partnervermittlung-624x184.jpg 624w, https:\/\/www.witwer-partnersuche.com\/wp-content\/uploads\/2014\/12\/freizeitgestaltung-freizeitkontakt-single-senioren-witwer-partnervermittlung.jpg 1324w\" sizes=\"(max-width: 625px) 100vw, 625px\" \/><\/p>\n<p>Allein verreisen? Allein ins Theater oder ins Konzert? Das macht doch keinen Spa\u00df!<\/p>\n<p>Viele \u00e4ltere Menschen, die durch den Verllust des Partners alleine sind, vermindern ihre Aktivit\u00e4ten und bleiben lieber zu Hause. Nat\u00fcrlich, alleine ist alles sinnlos! Daher sollten Sie sich bem\u00fchen, wieder unter Leute zu kommen, Gleichgesinnte zu finden und mit ihnen das Leben wieder zu genie\u00dfen! Doch wie stellen Sie das an? Lassen Sie sich einige Vorschl\u00e4ge unterbreiten:<\/p>\n<p>1. Sie gehen in einen Verein und treffen so andere Leute<\/p>\n<p>2. Sie suchen \u00fcber das Internet einen Partner oder eine Gruppe zur Freizeitgestaltung.<\/p>\n<p>3. Sie geben in Ihrer lokalen Zeitung eine Anzeige auf und warten ab.<\/p>\n<p>4. Sie kontaktieren eine Agentur, die nicht nur Lebenspartner, sondern auch Reise- und Freizeitpartner vermittelt.<\/p>\n<p>Welche ist die einfachste M\u00f6glichkeit, bei der Sie sich um nichts weiter k\u00fcmmern m\u00fcssen, da andere &#8211; professionelle und spezialisierte Mitarbeiter &#8211; f\u00fcr Sie arbeiten? Genau, Nummer 4, die Partneragentur.<\/p>\n<p>Wie so etwas im Allgemeinen ablaufen kann, k\u00f6nnen Sie bei den verschiedenen Agenturen nachlesen. Einige Beispiele dazu finden Sie hier:<\/p>\n<p><a href=\"http:\/\/www.partnervermittlung-anna.com\/ablauf.html\">Ablauf ANNA Vermittlungs- und Beratungsagentur GmbH<\/a><\/p>\n<p><a href=\"http:\/\/www.partnervermittlung-amatis.com\/ablauf.html\">AMATIS GmbH <\/a><\/p>\n<p>&#8212;&#8212;&#8212;&#8212;&#8212;&#8212;&#8212;&#8212;&#8212;&#8212;&#8212;&#8212;&#8212;&#8212;&#8212;&#8212;&#8212;&#8212;&#8212;&#8212;&#8212;&#8212;&#8212;&#8212;&#8212;&#8212;&#8212;&#8212;&#8212;&#8212;&#8212;&#8212;&#8212;&#8212;&#8212;&#8212;&#8212;&#8212;&#8212;&#8212;&#8212;&#8212;&#8212;&#8211;<\/p>\n<h1>Reisen &#8211; Freizeit &#8211; Neues Gl\u00fcck<\/h1>\n<p>Alleine reisen &#8211; &#8222;Nie wieder!&#8220; Das h\u00f6rt man nicht selten. Viele f\u00fchlen sich am Urlaubsort wie das 5. Rad am Wagen. St\u00e4ndig Paare um einen herum, die miteinander kommunizieren und Spa\u00df haben &#8211; aber alleine wird man in die Gespr\u00e4che und Unternhemungen kaum einbezogen. In den Bars oder Restaurants bekommt man als Alleinreisender meist nur den &#8222;Katzentisch&#8220; neben der Toilettent\u00fcr oder am Eingang.<\/p>\n<p>Wer dann noch allein an einem Tisch sitzt oder allein am Strand oder allein eine Besichtigung am Urlaubsort unternimmt, gilt nach au\u00dfen hin dann noch als &#8222;Eigenbr\u00f6dler&#8220; oder &#8222;seltsamer Mensch&#8220;. Das haben die einsamen Herzen auf den Reisen zur Gen\u00fcge erlebt.<\/p>\n<p><img loading=\"lazy\" class=\"aligncenter wp-image-105\" src=\"http:\/\/www.witwer-partnersuche.com\/wp-content\/uploads\/2013\/12\/reisepartner-freizeitpartner-partnervermittlung-senioren-witwer-300x165.jpg\" alt=\"reisepartner freizeitpartner partnervermittlung senioren witwer\" width=\"342\" height=\"188\" srcset=\"https:\/\/www.witwer-partnersuche.com\/wp-content\/uploads\/2013\/12\/reisepartner-freizeitpartner-partnervermittlung-senioren-witwer-300x165.jpg 300w, https:\/\/www.witwer-partnersuche.com\/wp-content\/uploads\/2013\/12\/reisepartner-freizeitpartner-partnervermittlung-senioren-witwer-624x345.jpg 624w, https:\/\/www.witwer-partnersuche.com\/wp-content\/uploads\/2013\/12\/reisepartner-freizeitpartner-partnervermittlung-senioren-witwer.jpg 985w\" sizes=\"(max-width: 342px) 100vw, 342px\" \/><\/p>\n<p>Doch wer trotzdem etwas unternehmen will, das Leben in vollen Z\u00fcgen genie\u00dfen und die Welt entdecken m\u00f6chte und dabei einen liebevollen Menschen an seiner Seite hat, der sollte sich vertrauensvoll an eine Agentur zur Vermittlung von Freizeitkontakten wenden oder das Internet nach passenden Partnern durchsuchen.<\/p>\n<p>Nutzen Sie die M\u00f6glichkeiten &#8211; raus aus der Einsamkeit &#8211; zu zweit ist alles viel sch\u00f6ner!<\/p>\n","protected":false},"excerpt":{"rendered":"<p>Allein verreisen? Allein ins Theater oder ins Konzert? Das macht doch keinen Spa\u00df! Viele \u00e4ltere Menschen, die durch den Verllust des Partners alleine sind, vermindern ihre Aktivit\u00e4ten und bleiben lieber zu Hause. Nat\u00fcrlich, alleine ist alles sinnlos! Daher sollten Sie sich bem\u00fchen, wieder unter Leute zu kommen, Gleichgesinnte zu finden und mit ihnen das Leben [&hellip;]<\/p>\n","protected":false},"author":2,"featured_media":0,"parent":0,"menu_order":0,"comment_status":"closed","ping_status":"closed","template":"","meta":[],"_links":{"self":[{"href":"https:\/\/www.witwer-partnersuche.com\/index.php?rest_route=\/wp\/v2\/pages\/66"}],"collection":[{"href":"https:\/\/www.witwer-partnersuche.com\/index.php?rest_route=\/wp\/v2\/pages"}],"about":[{"href":"https:\/\/www.witwer-partnersuche.com\/index.php?rest_route=\/wp\/v2\/types\/page"}],"author":[{"embeddable":true,"href":"https:\/\/www.witwer-partnersuche.com\/index.php?rest_route=\/wp\/v2\/users\/2"}],"replies":[{"embeddable":true,"href":"https:\/\/www.witwer-partnersuche.com\/index.php?rest_route=%2Fwp%2Fv2%2Fcomments&post=66"}],"version-history":[{"count":11,"href":"https:\/\/www.witwer-partnersuche.com\/index.php?rest_route=\/wp\/v2\/pages\/66\/revisions"}],"predecessor-version":[{"id":114,"href":"https:\/\/www.witwer-partnersuche.com\/index.php?rest_route=\/wp\/v2\/pages\/66\/revisions\/114"}],"wp:attachment":[{"href":"https:\/\/www.witwer-partnersuche.com\/index.php?rest_route=%2Fwp%2Fv2%2Fmedia&parent=66"}],"curies":[{"name":"wp","href":"https:\/\/api.w.org\/{rel}","templated":true}]}}