{"id":57,"date":"2013-12-16T13:18:20","date_gmt":"2013-12-16T11:18:20","guid":{"rendered":"http:\/\/www.witwer-partnersuche.com\/?page_id=57"},"modified":"2014-12-16T16:06:51","modified_gmt":"2014-12-16T14:06:51","slug":"ein-neues-glueck-gefunden","status":"publish","type":"page","link":"https:\/\/www.witwer-partnersuche.com\/?page_id=57","title":{"rendered":"Ein neues Gl\u00fcck gefunden"},"content":{"rendered":"<p>Lesen Sie hier, wie einige Singles ihr neues Gl\u00fcck gefunden haben.<\/p>\n<p>Peter, 64 Jahre:<\/p>\n<p>&#8222;Es war ein langer Weg, doch mit meinem neuen Schatzi bin ich endlich wieder gl\u00fccklich. Ich muss gestehen, ich hatte die Hoffnung schon fast aufgegeben. Schlie\u00dflich findet ein Mann in meinem Alter (\u00fcber 60) nicht mehr so leicht eine neue Lebenspartnerin. M\u00f6glich wurde das auch nur durch eine Partnervermittlung. Anfangs war ich schon etwas skeptisch, man h\u00f6rt ja nicht nur Gutes von solchen Vermittlungen. Doch ein Anruf bei der Agentur hat die meisten Zweifel schnell ausger\u00e4umt. Mir wurden am Telefon meine Fragen geduldig und ausf\u00fchrlich beantwortet. Aber nicht nur das! Einige Tage sp\u00e4ter besuchte mich ein Mitarbeiter der Partnervermittlung zu Hause. Er erkl\u00e4rte mir ausf\u00fchrlich den Vermittlungsablauf und nahm sich viel Zeit f\u00fcr mich. Als er ging, hatte ich tats\u00e4chlich wieder Hoffnung, doch noch eine neue Lebensgef\u00e4hrtin zu finden. Und so war es dann auch. Zwar brauchte es ein paar Kontaktvorschl\u00e4ge, aber schlie\u00dflich war meine Ingrid dabei und wir haben uns ganz schnell wieder verliebt. Ich bin so dankbar daf\u00fcr und wirklich froh, dass ich nicht auf meine Zweifel geh\u00f6rt habe. Manchmal muss man eben etwas riskieren im Leben, um gl\u00fccklich zu werden. Seri\u00f6se Vermittlungsagenturen wie die<a href=\"http:\/\/www.partnervermittlung-anna.com\/\"> ANNA GmbH<\/a> sind wirklich eine tolle Sache. Ich bin froh, dass es sie gibt. Sie k\u00f6nnen viel Gutes bewirken. <img loading=\"lazy\" class=\"aligncenter wp-image-64 size-medium\" src=\"http:\/\/www.witwer-partnersuche.com\/wp-content\/uploads\/2013\/12\/partnervermittlung-senioren-witwer-single-freizeitkontakte-300x200.jpg\" alt=\"partnervermittlung senioren witwer single freizeitkontakte\" width=\"300\" height=\"200\" srcset=\"https:\/\/www.witwer-partnersuche.com\/wp-content\/uploads\/2013\/12\/partnervermittlung-senioren-witwer-single-freizeitkontakte-300x200.jpg 300w, https:\/\/www.witwer-partnersuche.com\/wp-content\/uploads\/2013\/12\/partnervermittlung-senioren-witwer-single-freizeitkontakte-1024x682.jpg 1024w, https:\/\/www.witwer-partnersuche.com\/wp-content\/uploads\/2013\/12\/partnervermittlung-senioren-witwer-single-freizeitkontakte-624x416.jpg 624w, https:\/\/www.witwer-partnersuche.com\/wp-content\/uploads\/2013\/12\/partnervermittlung-senioren-witwer-single-freizeitkontakte.jpg 1728w\" sizes=\"(max-width: 300px) 100vw, 300px\" \/><\/p>\n<p>Wolfgang, 68 Jahre:<\/p>\n<p>Ach, das Internet! Da wird einem so viel versprochen, wie schnell und leicht man seine Traumfrau finden k\u00f6nnte. Aber das ist fast alles reines Werbeblabla. Ich habe selbst jahrelang alle m\u00f6glichen Foren und Portale ausprobiert, um eine passende Frau zu finden. Hat alles nicht geklappt. Einfach und schnell war da gar nichts. Als ich vor nicht allzu langer Zeit auf eine Partnervermittlung namens <a href=\"http:\/\/www.partnervermittlung-amatis.com\/\">AMATIS GmbH<\/a> stie\u00df, war ich mehr als skeptisch. Ich hatte einfach zu viele Entt\u00e4uschungen mit Partnerb\u00f6rsen und dergleichen erlebt. Aber probieren muss man alles erst mal, bevor man urteilt. Also habe ich mich darauf eingelassen. War von der ersten Kontaktaufnahme an alles sehr professionell. Aber das hei\u00dft nichts, dachte ich. Professionell waren andere Kontaktb\u00f6rsen auch. Ich lernte dar\u00fcber nur keine passende Frau kennen. Als die ersten Kontaktvorschl\u00e4ge der eintrafen, war ich also nicht grade euphorisch, sondern eher zur\u00fcckhaltend. Die ersten drei oder vier Vorschl\u00e4ge haben auch nicht ganz gepasst &#8211; obwohl diese Frauen deutlich interessanter waren als die, die ich davor kennengelernt hatte. Als ich schlie\u00dflich das Foto von Marianne sah, war ich jedoch mit einem Schlag wie verwandelt. Das k\u00f6nnte meine Traumfrau sein, dachte ich. Pl\u00f6tzlich war ich aufgeregt wie lange nicht. Konnte es m\u00f6glich sein, dass diese Partnervermittlung mich tats\u00e4chlich zu meiner Traumfrau f\u00fchrte? Ja, das konnte es! Heute sind Marianne und ich seit 1,5 Jahren ein gl\u00fcckliches Paar und die AMATIS GmbH hat mich gebeten, diesen Erfahrungsbericht zu schreiben. Als ich die Anfrage daf\u00fcr erhielt, sagte ich sofort zu. Immerhin verdanke ich dieser Partnervermittlung eine neue gro\u00dfe Liebe in meinem Lebens. Von den anderen Partnerb\u00f6rsen im Internet, die ich ausprobiert habe, w\u00fcrde ich nicht alle unbedingt empfehlen. Die<a href=\"http:\/\/www.partnervermittlung-amatis.com\/\"> AMATIS GmbH<\/a> aber hat mich \u00fcberzeugt. Nicht unbedingt durch das professionelle Auftreten. Das haben andere Anbieter ebenso. \u00dcberzeugt hat mich die erfolgreiche Vermittlung. Darauf kommt es letzten Endes doch an, oder?<\/p>\n<p><img loading=\"lazy\" class=\"aligncenter wp-image-61 size-medium\" src=\"http:\/\/www.witwer-partnersuche.com\/wp-content\/uploads\/2013\/12\/Erfolgreiche-partnersuche-witwer-partnervermittlung-300x225.jpg\" alt=\"Erfolgreiche partnersuche witwer partnervermittlung\" width=\"300\" height=\"225\" srcset=\"https:\/\/www.witwer-partnersuche.com\/wp-content\/uploads\/2013\/12\/Erfolgreiche-partnersuche-witwer-partnervermittlung-300x225.jpg 300w, https:\/\/www.witwer-partnersuche.com\/wp-content\/uploads\/2013\/12\/Erfolgreiche-partnersuche-witwer-partnervermittlung-1024x768.jpg 1024w, https:\/\/www.witwer-partnersuche.com\/wp-content\/uploads\/2013\/12\/Erfolgreiche-partnersuche-witwer-partnervermittlung-624x468.jpg 624w, https:\/\/www.witwer-partnersuche.com\/wp-content\/uploads\/2013\/12\/Erfolgreiche-partnersuche-witwer-partnervermittlung.jpg 1280w\" sizes=\"(max-width: 300px) 100vw, 300px\" \/><\/p>\n","protected":false},"excerpt":{"rendered":"<p>Lesen Sie hier, wie einige Singles ihr neues Gl\u00fcck gefunden haben. Peter, 64 Jahre: &#8222;Es war ein langer Weg, doch mit meinem neuen Schatzi bin ich endlich wieder gl\u00fccklich. Ich muss gestehen, ich hatte die Hoffnung schon fast aufgegeben. Schlie\u00dflich findet ein Mann in meinem Alter (\u00fcber 60) nicht mehr so leicht eine neue Lebenspartnerin. [&hellip;]<\/p>\n","protected":false},"author":2,"featured_media":0,"parent":0,"menu_order":0,"comment_status":"closed","ping_status":"closed","template":"","meta":[],"_links":{"self":[{"href":"https:\/\/www.witwer-partnersuche.com\/index.php?rest_route=\/wp\/v2\/pages\/57"}],"collection":[{"href":"https:\/\/www.witwer-partnersuche.com\/index.php?rest_route=\/wp\/v2\/pages"}],"about":[{"href":"https:\/\/www.witwer-partnersuche.com\/index.php?rest_route=\/wp\/v2\/types\/page"}],"author":[{"embeddable":true,"href":"https:\/\/www.witwer-partnersuche.com\/index.php?rest_route=\/wp\/v2\/users\/2"}],"replies":[{"embeddable":true,"href":"https:\/\/www.witwer-partnersuche.com\/index.php?rest_route=%2Fwp%2Fv2%2Fcomments&post=57"}],"version-history":[{"count":5,"href":"https:\/\/www.witwer-partnersuche.com\/index.php?rest_route=\/wp\/v2\/pages\/57\/revisions"}],"predecessor-version":[{"id":65,"href":"https:\/\/www.witwer-partnersuche.com\/index.php?rest_route=\/wp\/v2\/pages\/57\/revisions\/65"}],"wp:attachment":[{"href":"https:\/\/www.witwer-partnersuche.com\/index.php?rest_route=%2Fwp%2Fv2%2Fmedia&parent=57"}],"curies":[{"name":"wp","href":"https:\/\/api.w.org\/{rel}","templated":true}]}}